{"id":204,"date":"2024-01-15T07:40:02","date_gmt":"2024-01-15T07:40:02","guid":{"rendered":"https:\/\/www.puresystems.sk\/?page_id=204"},"modified":"2024-04-08T17:55:44","modified_gmt":"2024-04-08T17:55:44","slug":"sluzby","status":"publish","type":"page","link":"https:\/\/www.puresystems.sk\/en\/sluzby\/","title":{"rendered":"Services"},"content":{"rendered":"<div data-elementor-type=\"wp-page\" data-elementor-id=\"204\" class=\"elementor elementor-204\" data-elementor-post-type=\"page\">\n\t\t\t\t\t\t\t<div class=\"elementor-element elementor-element-e719831 e-flex e-con-boxed e-con e-parent\" data-id=\"e719831\" data-element_type=\"container\" data-settings=\"{&quot;background_background&quot;:&quot;classic&quot;,&quot;container_type&quot;:&quot;flex&quot;,&quot;content_width&quot;:&quot;boxed&quot;}\" data-core-v316-plus=\"true\">\n\t\t\t\t\t<div class=\"e-con-inner\">\n\t\t\t\t<div class=\"elementor-element elementor-element-b62f687 elementor-widget elementor-widget-heading\" data-id=\"b62f687\" data-element_type=\"widget\" data-widget_type=\"heading.default\">\n\t\t\t\t<div class=\"elementor-widget-container\">\n\t\t\t<style>\/*! elementor - v3.18.0 - 20-12-2023 *\/\n.elementor-heading-title{padding:0;margin:0;line-height:1}.elementor-widget-heading .elementor-heading-title[class*=elementor-size-]>a{color:inherit;font-size:inherit;line-height:inherit}.elementor-widget-heading .elementor-heading-title.elementor-size-small{font-size:15px}.elementor-widget-heading .elementor-heading-title.elementor-size-medium{font-size:19px}.elementor-widget-heading .elementor-heading-title.elementor-size-large{font-size:29px}.elementor-widget-heading .elementor-heading-title.elementor-size-xl{font-size:39px}.elementor-widget-heading .elementor-heading-title.elementor-size-xxl{font-size:59px}<\/style><h2 class=\"elementor-heading-title elementor-size-default\">Our services<\/h2>\t\t<\/div>\n\t\t\t\t<\/div>\n\t\t\t\t<div class=\"elementor-element elementor-element-d6c343e elementor-widget elementor-widget-text-editor\" data-id=\"d6c343e\" data-element_type=\"widget\" id=\"projektove-riadenie\" data-widget_type=\"text-editor.default\">\n\t\t\t\t<div class=\"elementor-widget-container\">\n\t\t\t<style>\/*! elementor - v3.18.0 - 20-12-2023 *\/\n.elementor-widget-text-editor.elementor-drop-cap-view-stacked .elementor-drop-cap{background-color:#69727d;color:#fff}.elementor-widget-text-editor.elementor-drop-cap-view-framed .elementor-drop-cap{color:#69727d;border:3px solid;background-color:transparent}.elementor-widget-text-editor:not(.elementor-drop-cap-view-default) .elementor-drop-cap{margin-top:8px}.elementor-widget-text-editor:not(.elementor-drop-cap-view-default) .elementor-drop-cap-letter{width:1em;height:1em}.elementor-widget-text-editor .elementor-drop-cap{float:left;text-align:center;line-height:1;font-size:50px}.elementor-widget-text-editor .elementor-drop-cap-letter{display:inline-block}<\/style>\t\t\t\t<p>As part of our services, we can completely cover the automation and optimization of production from the initial consultation to the final implementation.<\/p>\t\t\t\t\t\t<\/div>\n\t\t\t\t<\/div>\n\t\t\t\t\t<\/div>\n\t\t\t\t<\/div>\n\t\t<div class=\"elementor-element elementor-element-f87c4da e-flex e-con-boxed e-con e-parent\" data-id=\"f87c4da\" data-element_type=\"container\" id=\"konzultacie\" data-settings=\"{&quot;container_type&quot;:&quot;flex&quot;,&quot;content_width&quot;:&quot;boxed&quot;}\" data-core-v316-plus=\"true\">\n\t\t\t\t\t<div class=\"e-con-inner\">\n\t\t<div class=\"elementor-element elementor-element-7668fa3 e-con-full e-flex e-con e-child\" data-id=\"7668fa3\" data-element_type=\"container\" data-settings=\"{&quot;content_width&quot;:&quot;full&quot;,&quot;container_type&quot;:&quot;flex&quot;}\">\n\t\t\t\t<div class=\"elementor-element elementor-element-54efd0aa elementor-widget__width-auto elementor-widget elementor-widget-image\" data-id=\"54efd0aa\" data-element_type=\"widget\" data-widget_type=\"image.default\">\n\t\t\t\t<div class=\"elementor-widget-container\">\n\t\t\t<style>\/*! elementor - v3.18.0 - 20-12-2023 *\/\n.elementor-widget-image{text-align:center}.elementor-widget-image a{display:inline-block}.elementor-widget-image a img[src$=\".svg\"]{width:48px}.elementor-widget-image img{vertical-align:middle;display:inline-block}<\/style>\t\t\t\t\t\t\t\t\t\t\t\t<img fetchpriority=\"high\" decoding=\"async\" width=\"1824\" height=\"936\" src=\"https:\/\/www.puresystems.sk\/wp-content\/uploads\/2024\/04\/Projektove-riadenie.jpg\" class=\"attachment-full size-full wp-image-443\" alt=\"\" srcset=\"https:\/\/www.puresystems.sk\/wp-content\/uploads\/2024\/04\/Projektove-riadenie.jpg 1824w, https:\/\/www.puresystems.sk\/wp-content\/uploads\/2024\/04\/Projektove-riadenie-300x154.jpg 300w, https:\/\/www.puresystems.sk\/wp-content\/uploads\/2024\/04\/Projektove-riadenie-1024x525.jpg 1024w, https:\/\/www.puresystems.sk\/wp-content\/uploads\/2024\/04\/Projektove-riadenie-768x394.jpg 768w, https:\/\/www.puresystems.sk\/wp-content\/uploads\/2024\/04\/Projektove-riadenie-1536x788.jpg 1536w, https:\/\/www.puresystems.sk\/wp-content\/uploads\/2024\/04\/Projektove-riadenie-18x9.jpg 18w\" sizes=\"(max-width: 1824px) 100vw, 1824px\" \/>\t\t\t\t\t\t\t\t\t\t\t\t\t\t\t<\/div>\n\t\t\t\t<\/div>\n\t\t\t\t<\/div>\n\t\t<div class=\"elementor-element elementor-element-fc63380 e-con-full e-flex e-con e-child\" data-id=\"fc63380\" data-element_type=\"container\" data-settings=\"{&quot;content_width&quot;:&quot;full&quot;,&quot;container_type&quot;:&quot;flex&quot;}\">\n\t\t<div class=\"elementor-element elementor-element-eb89767 e-con-full e-flex e-con e-child\" data-id=\"eb89767\" data-element_type=\"container\" data-settings=\"{&quot;content_width&quot;:&quot;full&quot;,&quot;container_type&quot;:&quot;flex&quot;}\">\n\t\t\t\t<div class=\"elementor-element elementor-element-5be77094 elementor-widget__width-initial elementor-widget elementor-widget-heading\" data-id=\"5be77094\" data-element_type=\"widget\" data-widget_type=\"heading.default\">\n\t\t\t\t<div class=\"elementor-widget-container\">\n\t\t\t<h2 class=\"elementor-heading-title elementor-size-default\">Project management<\/h2>\t\t<\/div>\n\t\t\t\t<\/div>\n\t\t\t\t<div class=\"elementor-element elementor-element-5bc1b061 elementor-widget elementor-widget-text-editor\" data-id=\"5bc1b061\" data-element_type=\"widget\" data-widget_type=\"text-editor.default\">\n\t\t\t\t<div class=\"elementor-widget-container\">\n\t\t\t\t\t\t\tWe are dedicated to the management of technological and production projects. This includes project planning, resource allocation, progress tracking and risk management. We also provide advice on identifying and solving problems that may occur during project implementation.\t\t\t\t\t\t<\/div>\n\t\t\t\t<\/div>\n\t\t\t\t<\/div>\n\t\t\t\t<\/div>\n\t\t\t\t\t<\/div>\n\t\t\t\t<\/div>\n\t\t<div class=\"elementor-element elementor-element-39776fa e-flex e-con-boxed e-con e-parent\" data-id=\"39776fa\" data-element_type=\"container\" id=\"automatizacia\" data-settings=\"{&quot;background_background&quot;:&quot;classic&quot;,&quot;container_type&quot;:&quot;flex&quot;,&quot;content_width&quot;:&quot;boxed&quot;}\" data-core-v316-plus=\"true\">\n\t\t\t\t\t<div class=\"e-con-inner\">\n\t\t<div class=\"elementor-element elementor-element-f3f42d2 e-con-full e-flex e-con e-child\" data-id=\"f3f42d2\" data-element_type=\"container\" data-settings=\"{&quot;content_width&quot;:&quot;full&quot;,&quot;container_type&quot;:&quot;flex&quot;}\">\n\t\t\t\t<div class=\"elementor-element elementor-element-7312817 elementor-widget__width-auto elementor-widget elementor-widget-image\" data-id=\"7312817\" data-element_type=\"widget\" data-widget_type=\"image.default\">\n\t\t\t\t<div class=\"elementor-widget-container\">\n\t\t\t\t\t\t\t\t\t\t\t\t\t\t\t<img decoding=\"async\" width=\"1824\" height=\"936\" src=\"https:\/\/www.puresystems.sk\/wp-content\/uploads\/2024\/04\/Konzultacie.jpg\" class=\"attachment-full size-full wp-image-444\" alt=\"\" srcset=\"https:\/\/www.puresystems.sk\/wp-content\/uploads\/2024\/04\/Konzultacie.jpg 1824w, https:\/\/www.puresystems.sk\/wp-content\/uploads\/2024\/04\/Konzultacie-300x154.jpg 300w, https:\/\/www.puresystems.sk\/wp-content\/uploads\/2024\/04\/Konzultacie-1024x525.jpg 1024w, https:\/\/www.puresystems.sk\/wp-content\/uploads\/2024\/04\/Konzultacie-768x394.jpg 768w, https:\/\/www.puresystems.sk\/wp-content\/uploads\/2024\/04\/Konzultacie-1536x788.jpg 1536w, https:\/\/www.puresystems.sk\/wp-content\/uploads\/2024\/04\/Konzultacie-18x9.jpg 18w\" sizes=\"(max-width: 1824px) 100vw, 1824px\" \/>\t\t\t\t\t\t\t\t\t\t\t\t\t\t\t<\/div>\n\t\t\t\t<\/div>\n\t\t\t\t<\/div>\n\t\t<div class=\"elementor-element elementor-element-4154bd8 e-con-full e-flex e-con e-child\" data-id=\"4154bd8\" data-element_type=\"container\" data-settings=\"{&quot;content_width&quot;:&quot;full&quot;,&quot;container_type&quot;:&quot;flex&quot;}\">\n\t\t<div class=\"elementor-element elementor-element-f760358 e-flex e-con-boxed e-con e-child\" data-id=\"f760358\" data-element_type=\"container\" data-settings=\"{&quot;container_type&quot;:&quot;flex&quot;,&quot;content_width&quot;:&quot;boxed&quot;}\">\n\t\t\t\t\t<div class=\"e-con-inner\">\n\t\t\t\t<div class=\"elementor-element elementor-element-548bdfc elementor-widget__width-initial elementor-widget elementor-widget-heading\" data-id=\"548bdfc\" data-element_type=\"widget\" data-widget_type=\"heading.default\">\n\t\t\t\t<div class=\"elementor-widget-container\">\n\t\t\t<h2 class=\"elementor-heading-title elementor-size-default\">Consulations<\/h2>\t\t<\/div>\n\t\t\t\t<\/div>\n\t\t\t\t<div class=\"elementor-element elementor-element-4b6a6a7 elementor-widget elementor-widget-text-editor\" data-id=\"4b6a6a7\" data-element_type=\"widget\" data-widget_type=\"text-editor.default\">\n\t\t\t\t<div class=\"elementor-widget-container\">\n\t\t\t\t\t\t\tWe offer optimization of production processes, improvement of production efficiency, implementation of new technologies or strategies.\t\t\t\t\t\t<\/div>\n\t\t\t\t<\/div>\n\t\t\t\t\t<\/div>\n\t\t\t\t<\/div>\n\t\t\t\t<\/div>\n\t\t\t\t\t<\/div>\n\t\t\t\t<\/div>\n\t\t<div class=\"elementor-element elementor-element-66ee4db e-flex e-con-boxed e-con e-parent\" data-id=\"66ee4db\" data-element_type=\"container\" id=\"programovanie-robotov\" data-settings=\"{&quot;container_type&quot;:&quot;flex&quot;,&quot;content_width&quot;:&quot;boxed&quot;}\" data-core-v316-plus=\"true\">\n\t\t\t\t\t<div class=\"e-con-inner\">\n\t\t<div class=\"elementor-element elementor-element-49e7fc9 e-con-full e-flex e-con e-child\" data-id=\"49e7fc9\" data-element_type=\"container\" data-settings=\"{&quot;content_width&quot;:&quot;full&quot;,&quot;container_type&quot;:&quot;flex&quot;}\">\n\t\t\t\t<div class=\"elementor-element elementor-element-48a18002 elementor-widget elementor-widget-image\" data-id=\"48a18002\" data-element_type=\"widget\" data-widget_type=\"image.default\">\n\t\t\t\t<div class=\"elementor-widget-container\">\n\t\t\t\t\t\t\t\t\t\t\t\t\t\t\t<img decoding=\"async\" width=\"1824\" height=\"936\" src=\"https:\/\/www.puresystems.sk\/wp-content\/uploads\/2024\/04\/Automatizacia.jpg\" class=\"attachment-full size-full wp-image-445\" alt=\"\" srcset=\"https:\/\/www.puresystems.sk\/wp-content\/uploads\/2024\/04\/Automatizacia.jpg 1824w, https:\/\/www.puresystems.sk\/wp-content\/uploads\/2024\/04\/Automatizacia-300x154.jpg 300w, https:\/\/www.puresystems.sk\/wp-content\/uploads\/2024\/04\/Automatizacia-1024x525.jpg 1024w, https:\/\/www.puresystems.sk\/wp-content\/uploads\/2024\/04\/Automatizacia-768x394.jpg 768w, https:\/\/www.puresystems.sk\/wp-content\/uploads\/2024\/04\/Automatizacia-1536x788.jpg 1536w, https:\/\/www.puresystems.sk\/wp-content\/uploads\/2024\/04\/Automatizacia-18x9.jpg 18w\" sizes=\"(max-width: 1824px) 100vw, 1824px\" \/>\t\t\t\t\t\t\t\t\t\t\t\t\t\t\t<\/div>\n\t\t\t\t<\/div>\n\t\t\t\t<\/div>\n\t\t<div class=\"elementor-element elementor-element-5f06885 e-con-full e-flex e-con e-child\" data-id=\"5f06885\" data-element_type=\"container\" data-settings=\"{&quot;content_width&quot;:&quot;full&quot;,&quot;container_type&quot;:&quot;flex&quot;}\">\n\t\t<div class=\"elementor-element elementor-element-1fdc6ef e-flex e-con-boxed e-con e-child\" data-id=\"1fdc6ef\" data-element_type=\"container\" data-settings=\"{&quot;container_type&quot;:&quot;flex&quot;,&quot;content_width&quot;:&quot;boxed&quot;}\">\n\t\t\t\t\t<div class=\"e-con-inner\">\n\t\t\t\t<div class=\"elementor-element elementor-element-96dee3a elementor-widget__width-initial elementor-widget elementor-widget-heading\" data-id=\"96dee3a\" data-element_type=\"widget\" data-widget_type=\"heading.default\">\n\t\t\t\t<div class=\"elementor-widget-container\">\n\t\t\t<h2 class=\"elementor-heading-title elementor-size-default\">Automation<\/h2>\t\t<\/div>\n\t\t\t\t<\/div>\n\t\t\t\t<div class=\"elementor-element elementor-element-b6d5bcf elementor-widget elementor-widget-text-editor\" data-id=\"b6d5bcf\" data-element_type=\"widget\" data-widget_type=\"text-editor.default\">\n\t\t\t\t<div class=\"elementor-widget-container\">\n\t\t\t\t\t\t\tWe analyze production processes and propose automation options\t\t\t\t\t\t<\/div>\n\t\t\t\t<\/div>\n\t\t\t\t\t<\/div>\n\t\t\t\t<\/div>\n\t\t\t\t<\/div>\n\t\t\t\t\t<\/div>\n\t\t\t\t<\/div>\n\t\t<div class=\"elementor-element elementor-element-9a8c466 e-flex e-con-boxed e-con e-parent\" data-id=\"9a8c466\" data-element_type=\"container\" data-settings=\"{&quot;background_background&quot;:&quot;classic&quot;,&quot;container_type&quot;:&quot;flex&quot;,&quot;content_width&quot;:&quot;boxed&quot;}\" data-core-v316-plus=\"true\">\n\t\t\t\t\t<div class=\"e-con-inner\">\n\t\t<div class=\"elementor-element elementor-element-1d7ac7a e-con-full e-flex e-con e-child\" data-id=\"1d7ac7a\" data-element_type=\"container\" data-settings=\"{&quot;content_width&quot;:&quot;full&quot;,&quot;container_type&quot;:&quot;flex&quot;}\">\n\t\t\t\t<div class=\"elementor-element elementor-element-7630130f elementor-widget elementor-widget-image\" data-id=\"7630130f\" data-element_type=\"widget\" data-widget_type=\"image.default\">\n\t\t\t\t<div class=\"elementor-widget-container\">\n\t\t\t\t\t\t\t\t\t\t\t\t\t\t\t<img loading=\"lazy\" decoding=\"async\" width=\"1824\" height=\"936\" src=\"https:\/\/www.puresystems.sk\/wp-content\/uploads\/2024\/04\/programovanie-robotov.jpg\" class=\"attachment-full size-full wp-image-446\" alt=\"\" srcset=\"https:\/\/www.puresystems.sk\/wp-content\/uploads\/2024\/04\/programovanie-robotov.jpg 1824w, https:\/\/www.puresystems.sk\/wp-content\/uploads\/2024\/04\/programovanie-robotov-300x154.jpg 300w, https:\/\/www.puresystems.sk\/wp-content\/uploads\/2024\/04\/programovanie-robotov-1024x525.jpg 1024w, https:\/\/www.puresystems.sk\/wp-content\/uploads\/2024\/04\/programovanie-robotov-768x394.jpg 768w, https:\/\/www.puresystems.sk\/wp-content\/uploads\/2024\/04\/programovanie-robotov-1536x788.jpg 1536w, https:\/\/www.puresystems.sk\/wp-content\/uploads\/2024\/04\/programovanie-robotov-18x9.jpg 18w\" sizes=\"(max-width: 1824px) 100vw, 1824px\" \/>\t\t\t\t\t\t\t\t\t\t\t\t\t\t\t<\/div>\n\t\t\t\t<\/div>\n\t\t\t\t<\/div>\n\t\t<div class=\"elementor-element elementor-element-878d6d6 e-con-full e-flex e-con e-child\" data-id=\"878d6d6\" data-element_type=\"container\" data-settings=\"{&quot;content_width&quot;:&quot;full&quot;,&quot;container_type&quot;:&quot;flex&quot;}\">\n\t\t<div class=\"elementor-element elementor-element-f2ae40b e-flex e-con-boxed e-con e-child\" data-id=\"f2ae40b\" data-element_type=\"container\" data-settings=\"{&quot;container_type&quot;:&quot;flex&quot;,&quot;content_width&quot;:&quot;boxed&quot;}\">\n\t\t\t\t\t<div class=\"e-con-inner\">\n\t\t\t\t<div class=\"elementor-element elementor-element-b20b898 elementor-widget__width-initial elementor-widget elementor-widget-heading\" data-id=\"b20b898\" data-element_type=\"widget\" data-widget_type=\"heading.default\">\n\t\t\t\t<div class=\"elementor-widget-container\">\n\t\t\t<h2 class=\"elementor-heading-title elementor-size-default\">Programming<\/h2>\t\t<\/div>\n\t\t\t\t<\/div>\n\t\t\t\t<div class=\"elementor-element elementor-element-2f1faac elementor-widget elementor-widget-text-editor\" data-id=\"2f1faac\" data-element_type=\"widget\" data-widget_type=\"text-editor.default\">\n\t\t\t\t<div class=\"elementor-widget-container\">\n\t\t\t\t\t\t\tWe program control systems, electric drives, machine vision, robots (primary technologies from Schneider, Omron, Kuka) \t\t\t\t\t\t<\/div>\n\t\t\t\t<\/div>\n\t\t\t\t\t<\/div>\n\t\t\t\t<\/div>\n\t\t\t\t<\/div>\n\t\t\t\t\t<\/div>\n\t\t\t\t<\/div>\n\t\t\t\t\t\t\t<\/div>","protected":false},"excerpt":{"rendered":"<p>Na\u0161e Slu\u017eby V r\u00e1mci na\u0161\u00edch slu\u017eieb vieme kompletne zastre\u0161i\u0165 automatiz\u00e1ciu a optimaliz\u00e1ciu v\u00fdroby od \u00favodnej konzult\u00e1cie a\u017e po fin\u00e1lnu realiz\u00e1ciu. Projektov\u00e9 riadenie Venujeme sa riadeniu technologick\u00fdch a v\u00fdrobn\u00fdch projektov. To zah\u0155\u0148a pl\u00e1novanie projektov, alok\u00e1ciu zdrojov, sledovanie pokroku a riadenie riz\u00edk. Tie\u017e poskytujeme poradenstvo pri identifik\u00e1cii a rie\u0161en\u00ed probl\u00e9mov, ktor\u00e9 sa m\u00f4\u017eu vyskytn\u00fa\u0165 po\u010das realiz\u00e1cie projektu. [&hellip;]<\/p>","protected":false},"author":1,"featured_media":0,"parent":0,"menu_order":0,"comment_status":"closed","ping_status":"closed","template":"","meta":{"footnotes":""},"class_list":["post-204","page","type-page","status-publish","hentry"],"_links":{"self":[{"href":"https:\/\/www.puresystems.sk\/en\/wp-json\/wp\/v2\/pages\/204","targetHints":{"allow":["GET"]}}],"collection":[{"href":"https:\/\/www.puresystems.sk\/en\/wp-json\/wp\/v2\/pages"}],"about":[{"href":"https:\/\/www.puresystems.sk\/en\/wp-json\/wp\/v2\/types\/page"}],"author":[{"embeddable":true,"href":"https:\/\/www.puresystems.sk\/en\/wp-json\/wp\/v2\/users\/1"}],"replies":[{"embeddable":true,"href":"https:\/\/www.puresystems.sk\/en\/wp-json\/wp\/v2\/comments?post=204"}],"version-history":[{"count":109,"href":"https:\/\/www.puresystems.sk\/en\/wp-json\/wp\/v2\/pages\/204\/revisions"}],"predecessor-version":[{"id":503,"href":"https:\/\/www.puresystems.sk\/en\/wp-json\/wp\/v2\/pages\/204\/revisions\/503"}],"wp:attachment":[{"href":"https:\/\/www.puresystems.sk\/en\/wp-json\/wp\/v2\/media?parent=204"}],"curies":[{"name":"wp","href":"https:\/\/api.w.org\/{rel}","templated":true}]}}